{"id":1201,"date":"2020-03-23T19:33:52","date_gmt":"2020-03-23T18:33:52","guid":{"rendered":"https:\/\/cristelli.it\/wordpress\/?page_id=1201"},"modified":"2024-02-15T19:56:24","modified_gmt":"2024-02-15T18:56:24","slug":"nutzfahrzeuge","status":"publish","type":"page","link":"https:\/\/cristelli.it\/de\/nutzfahrzeuge\/","title":{"rendered":"Nutzfahrzeuge"},"content":{"rendered":"<div class=\"wpb-content-wrapper\"><p>[vc_row parallax=&#8220;content-moving&#8220;][vc_column css_animation=&#8220;none&#8220;][vc_column_text]<\/p>\n<hgroup>\n<h1>Nutzfahrzeuge<\/h1>\n<h2>Autokr\u00e4ne und weiteres Zubeh\u00f6r auf Verkauf.<\/h2>\n<\/hgroup>\n<p>[\/vc_column_text][vc_row_inner][vc_column_inner width=&#8220;1\/3&#8243;][vc_single_image image=&#8220;325&#8243; img_size=&#8220;full&#8220; alignment=&#8220;center&#8220;][\/vc_column_inner][vc_column_inner width=&#8220;2\/3&#8243;][vc_column_text]Wir sind stets auf der Suche nach den besten Technologien und wir erneuern regelm\u00e4\u00dfig unseren Fuhrpark. Deshalb verkaufen wir von Zeit zu Zeit unsere Fahrzeuge. Wenn Sie an gut-erhaltenen Gebrauchtfahrzeugen interessiert sind, dann behalten Sie diese Seite im Auge.[\/vc_column_text][vc_btn title=&#8220;Sieh Nutzfahrzeuge&#8220; color=&#8220;orange&#8220; align=&#8220;left&#8220; css_animation=&#8220;appear&#8220; link=&#8220;url:https%3A%2F%2Fcristelli.it%2Fde%2Fmezzi%2Fcategoria%2Fverkauf%2F|||&#8220; css=&#8220;.vc_custom_1586187337982{margin-top: 30px !important;}&#8220;][\/vc_column_inner][\/vc_row_inner][\/vc_column][\/vc_row][vc_row][vc_column]<div class=\"templatera_shortcode\"><style type=\"text\/css\" data-type=\"vc_shortcodes-default-css\">.vc_do_cta3{padding-top:28px;padding-right:28px;padding-bottom:28px;padding-left:28px;margin-bottom:35px;}<\/style><div data-vc-full-width=\"true\" data-vc-full-width-init=\"false\" data-vc-stretch-content=\"true\" class=\"vc_row wpb_row vc_row-fluid vc_row-no-padding\"><div class=\"wpb_column vc_column_container vc_col-sm-12\"><div class=\"vc_column-inner\"><div class=\"wpb_wrapper\"><section class=\"vc_cta3-container\"><div class=\"vc_general vc_do_cta3 vc_cta3 vc_cta3-style-classic vc_cta3-shape-square vc_cta3-align-center vc_cta3-color-classic vc_cta3-icon-size-md\"><div class=\"vc_cta3_content-container\"><div class=\"vc_cta3-content\"><header class=\"vc_cta3-content-header\"><h2>Was k\u00f6nnen wir f\u00fcr Sie tun?<\/h2><\/header><p>Was auch immer Sie bewegen, transportieren oder heben m\u00f6chten... gemeinsam k\u00f6nnen wir die beste L\u00f6sung darum finden!<br \/>\n<a href=\"https:\/\/cristelli.it\/de\/kontakte\/\">Kontaktieren Sie uns<\/a> um Ihren Projekt zu diskutieren oder klicken Sie auf <a href=\"https:\/\/cristelli.it\/de\/anfrage\/\">Angebot anfragen.<\/a><\/p>\n<\/div><\/div><\/div><\/section><\/div><\/div><\/div><\/div><div class=\"vc_row-full-width vc_clearfix\"><\/div><\/div>[\/vc_column][\/vc_row][vc_row][vc_column][vc_column_text]<\/p>\n<h2>Dienstleistungen<\/h2>\n<p>[\/vc_column_text]<div class=\"templatera_shortcode\"><style type=\"text\/css\" data-type=\"vc_shortcodes-default-css\">.vc_do_btn{margin-bottom:22px;}<\/style><div class=\"vc_row wpb_row vc_row-fluid services\"><div class=\"wpb_column vc_column_container vc_col-sm-3\"><div class=\"vc_column-inner\"><div class=\"wpb_wrapper\">\n\t<div  class=\"wpb_single_image wpb_content_element vc_align_center wpb_content_element\">\n\t\t\n\t\t<figure class=\"wpb_wrapper vc_figure\">\n\t\t\t<div class=\"vc_single_image-wrapper   vc_box_border_grey\"><img loading=\"lazy\" decoding=\"async\" width=\"280\" height=\"194\" src=\"https:\/\/cristelli.it\/wordpress\/wp-content\/uploads\/graphic-sollevamenti@2x-1.png\" class=\"vc_single_image-img attachment-full\" alt=\"\" title=\"graphic-sollevamenti@2x\" \/><\/div>\n\t\t<\/figure>\n\t<\/div>\n\n\t<div class=\"wpb_text_column wpb_content_element\" >\n\t\t<div class=\"wpb_wrapper\">\n\t\t\t<h3>Transport- und Hebetechnik<\/h3>\n<p>Es gibt weder Gr\u00f6\u00dfe noch Gewicht noch Destinationen welche uns erschreckt. Heben und transportieren von Waren ist das was wir am besten k\u00f6nnen.<\/p>\n\n\t\t<\/div>\n\t<\/div>\n<div class=\"vc_btn3-container  wpb_animate_when_almost_visible wpb_fadeInDown fadeInDown vc_btn3-center vc_do_btn\" ><a class=\"vc_general vc_btn3 vc_btn3-size-md vc_btn3-shape-rounded vc_btn3-style-modern vc_btn3-color-orange\" href=\"https:\/\/cristelli.it\/de\/dienstleistungen\/kranarbeiten-suedtirol\/\" title=\"Sollevamenti e trasporti\">Mehr<\/a><\/div><\/div><\/div><\/div><div class=\"wpb_column vc_column_container vc_col-sm-3\"><div class=\"vc_column-inner\"><div class=\"wpb_wrapper\">\n\t<div  class=\"wpb_single_image wpb_content_element vc_align_center wpb_content_element\">\n\t\t\n\t\t<figure class=\"wpb_wrapper vc_figure\">\n\t\t\t<div class=\"vc_single_image-wrapper   vc_box_border_grey\"><img loading=\"lazy\" decoding=\"async\" width=\"280\" height=\"194\" src=\"https:\/\/cristelli.it\/wordpress\/wp-content\/uploads\/graphic-trasporti-eccezionali@2x-1.png\" class=\"vc_single_image-img attachment-full\" alt=\"\" title=\"graphic-trasporti-eccezionali@2x\" \/><\/div>\n\t\t<\/figure>\n\t<\/div>\n\n\t<div class=\"wpb_text_column wpb_content_element\" >\n\t\t<div class=\"wpb_wrapper\">\n\t\t\t<h3>Sonder-und Schwertransporte<\/h3>\n<p>Keine Ladung ist zu gro\u00df und keine Stra\u00dfe zu eng f\u00fcr unsere Transportmittel und unsere Fahrer.<\/p>\n\n\t\t<\/div>\n\t<\/div>\n<div class=\"vc_btn3-container  wpb_animate_when_almost_visible wpb_fadeInDown fadeInDown vc_btn3-center vc_do_btn\" ><a class=\"vc_general vc_btn3 vc_btn3-size-md vc_btn3-shape-rounded vc_btn3-style-modern vc_btn3-color-orange\" href=\"https:\/\/cristelli.it\/de\/dienstleistungen\/sondertransporte-italien-schwertransporte\/\" title=\"Trasporti eccezionali\">Mehr<\/a><\/div><\/div><\/div><\/div><div class=\"wpb_column vc_column_container vc_col-sm-3\"><div class=\"vc_column-inner\"><div class=\"wpb_wrapper\">\n\t<div  class=\"wpb_single_image wpb_content_element vc_align_center wpb_content_element\">\n\t\t\n\t\t<figure class=\"wpb_wrapper vc_figure\">\n\t\t\t<div class=\"vc_single_image-wrapper   vc_box_border_grey\"><img loading=\"lazy\" decoding=\"async\" width=\"280\" height=\"194\" src=\"https:\/\/cristelli.it\/wordpress\/wp-content\/uploads\/marittimo-e-aereo.jpg\" class=\"vc_single_image-img attachment-medium\" alt=\"cristelli trasporti espressi trento bolzano\" title=\"marittimo e aereo\" \/><\/div>\n\t\t<\/figure>\n\t<\/div>\n\n\t<div class=\"wpb_text_column wpb_content_element\" >\n\t\t<div class=\"wpb_wrapper\">\n\t\t\t<h3>Spedition und Expresslieferung<\/h3>\n<p>Wir verf\u00fcgen \u00fcber ein europaweites Expressdienst und ein weltweites See- und Luftfrachtdienst.<\/p>\n\n\t\t<\/div>\n\t<\/div>\n<div class=\"vc_btn3-container  wpb_animate_when_almost_visible wpb_fadeInDown fadeInDown vc_btn3-center vc_do_btn\" ><a class=\"vc_general vc_btn3 vc_btn3-size-md vc_btn3-shape-rounded vc_btn3-style-modern vc_btn3-color-orange\" href=\"https:\/\/cristelli.it\/de\/dienstleistungen\/spedition-und-expresslieferung\/\" title=\"Gestione rifiuti\">Mehr<\/a><\/div><\/div><\/div><\/div><div class=\"wpb_column vc_column_container vc_col-sm-3\"><div class=\"vc_column-inner\"><div class=\"wpb_wrapper\">\n\t<div  class=\"wpb_single_image wpb_content_element vc_align_center wpb_content_element\">\n\t\t\n\t\t<figure class=\"wpb_wrapper vc_figure\">\n\t\t\t<div class=\"vc_single_image-wrapper   vc_box_border_grey\"><img loading=\"lazy\" decoding=\"async\" width=\"194\" height=\"194\" src=\"https:\/\/cristelli.it\/wordpress\/wp-content\/uploads\/Cristelli_Braccio-1.jpg\" class=\"vc_single_image-img attachment-full\" alt=\"\" title=\"Cristelli_Braccio\" srcset=\"https:\/\/cristelli.it\/wordpress\/wp-content\/uploads\/Cristelli_Braccio-1.jpg 194w, https:\/\/cristelli.it\/wordpress\/wp-content\/uploads\/Cristelli_Braccio-1-150x150.jpg 150w\" sizes=\"(max-width: 194px) 100vw, 194px\" \/><\/div>\n\t\t<\/figure>\n\t<\/div>\n\n\t<div class=\"wpb_text_column wpb_content_element\" >\n\t\t<div class=\"wpb_wrapper\">\n\t\t\t<h3>Verleih<\/h3>\n<p>Wir verf\u00fcgen \u00fcber eine breite Palette an Plattformen und Hebeb\u00fchnen, welche wir zum Verleih anbieten f\u00fcr einen rundum perfekten Service.<\/p>\n\n\t\t<\/div>\n\t<\/div>\n<div class=\"vc_btn3-container  wpb_animate_when_almost_visible wpb_fadeInDown fadeInDown vc_btn3-center vc_do_btn\" ><a class=\"vc_general vc_btn3 vc_btn3-size-md vc_btn3-shape-rounded vc_btn3-style-modern vc_btn3-color-orange\" href=\"https:\/\/cristelli.it\/de\/dienstleistungen\/hebebuehne-verleih\/\" title=\"Noleggio\">Mehr<\/a><\/div><\/div><\/div><\/div><\/div><\/div>[\/vc_column][\/vc_row]<\/p>\n<\/div>","protected":false},"excerpt":{"rendered":"Nutzfahrzeuge Autokr\u00e4ne und weiteres Zubeh\u00f6r auf Verkauf. Wir sind stets auf der Suche nach den besten Technologien und wir erneuern regelm\u00e4\u00dfig unseren Fuhrpark. Deshalb verkaufen wir von Zeit zu Zeit unsere Fahrzeuge. Wenn Sie an gut-erhaltenen Gebrauchtfahrzeugen interessiert sind, dann behalten Sie diese Seite im Auge. Sieh NutzfahrzeugeWas k\u00f6nnen wir f\u00fcr Sie tun?Was auch immer [...]","protected":false},"author":2,"featured_media":0,"parent":0,"menu_order":21,"comment_status":"closed","ping_status":"closed","template":"","meta":{"footnotes":""},"class_list":["post-1201","page","type-page","status-publish","hentry"],"yoast_head":"<!-- This site is optimized with the Yoast SEO plugin v23.4 - https:\/\/yoast.com\/wordpress\/plugins\/seo\/ -->\n<title>Verbrauchte Nutzfahrzeugen,Kr\u00e4ne,LKWs und Sattelanh\u00e4nger - Cristelli Srl<\/title>\n<meta name=\"description\" content=\"Verkauf von Autokr\u00e4ne, Sattelanh\u00e4nger, Tieflader und weiteres Zubeh\u00f6r f\u00fcr Hebungen und Transporte. Hier finden Sie unsere verbrauchte Nutzfahrzeugen.\" \/>\n<meta name=\"robots\" content=\"index, follow, max-snippet:-1, max-image-preview:large, max-video-preview:-1\" \/>\n<link rel=\"canonical\" href=\"https:\/\/cristelli.it\/de\/nutzfahrzeuge\/\" \/>\n<meta property=\"og:locale\" content=\"de_DE\" \/>\n<meta property=\"og:type\" content=\"article\" \/>\n<meta property=\"og:title\" content=\"Verbrauchte Nutzfahrzeugen,Kr\u00e4ne,LKWs und Sattelanh\u00e4nger - Cristelli Srl\" \/>\n<meta property=\"og:description\" content=\"Verkauf von Autokr\u00e4ne, Sattelanh\u00e4nger, Tieflader und weiteres Zubeh\u00f6r f\u00fcr Hebungen und Transporte. Hier finden Sie unsere verbrauchte Nutzfahrzeugen.\" \/>\n<meta property=\"og:url\" content=\"https:\/\/cristelli.it\/de\/nutzfahrzeuge\/\" \/>\n<meta property=\"og:site_name\" content=\"Cristelli - Sollevamenti e Trasporti\" \/>\n<meta property=\"article:publisher\" content=\"https:\/\/www.facebook.com\/cristelli.it\/\" \/>\n<meta property=\"article:modified_time\" content=\"2024-02-15T18:56:24+00:00\" \/>\n<meta name=\"twitter:card\" content=\"summary_large_image\" \/>\n<meta name=\"twitter:label1\" content=\"Gesch\u00e4tzte Lesezeit\" \/>\n\t<meta name=\"twitter:data1\" content=\"1\u00a0Minute\" \/>\n<script type=\"application\/ld+json\" class=\"yoast-schema-graph\">{\"@context\":\"https:\/\/schema.org\",\"@graph\":[{\"@type\":\"WebPage\",\"@id\":\"https:\/\/cristelli.it\/de\/nutzfahrzeuge\/\",\"url\":\"https:\/\/cristelli.it\/de\/nutzfahrzeuge\/\",\"name\":\"Verbrauchte Nutzfahrzeugen,Kr\u00e4ne,LKWs und Sattelanh\u00e4nger - Cristelli Srl\",\"isPartOf\":{\"@id\":\"https:\/\/cristelli.it\/#website\"},\"datePublished\":\"2020-03-23T18:33:52+00:00\",\"dateModified\":\"2024-02-15T18:56:24+00:00\",\"description\":\"Verkauf von Autokr\u00e4ne, Sattelanh\u00e4nger, Tieflader und weiteres Zubeh\u00f6r f\u00fcr Hebungen und Transporte. Hier finden Sie unsere verbrauchte Nutzfahrzeugen.\",\"breadcrumb\":{\"@id\":\"https:\/\/cristelli.it\/de\/nutzfahrzeuge\/#breadcrumb\"},\"inLanguage\":\"de\",\"potentialAction\":[{\"@type\":\"ReadAction\",\"target\":[\"https:\/\/cristelli.it\/de\/nutzfahrzeuge\/\"]}]},{\"@type\":\"BreadcrumbList\",\"@id\":\"https:\/\/cristelli.it\/de\/nutzfahrzeuge\/#breadcrumb\",\"itemListElement\":[{\"@type\":\"ListItem\",\"position\":1,\"name\":\"Home\",\"item\":\"https:\/\/cristelli.it\/de\/\"},{\"@type\":\"ListItem\",\"position\":2,\"name\":\"Nutzfahrzeuge\"}]},{\"@type\":\"WebSite\",\"@id\":\"https:\/\/cristelli.it\/#website\",\"url\":\"https:\/\/cristelli.it\/\",\"name\":\"Cristelli - Sollevamenti e Trasporti\",\"description\":\"Il miglior partner per i tuoi sollevamenti e trasporti\",\"publisher\":{\"@id\":\"https:\/\/cristelli.it\/#organization\"},\"potentialAction\":[{\"@type\":\"SearchAction\",\"target\":{\"@type\":\"EntryPoint\",\"urlTemplate\":\"https:\/\/cristelli.it\/?s={search_term_string}\"},\"query-input\":{\"@type\":\"PropertyValueSpecification\",\"valueRequired\":true,\"valueName\":\"search_term_string\"}}],\"inLanguage\":\"de\"},{\"@type\":\"Organization\",\"@id\":\"https:\/\/cristelli.it\/#organization\",\"name\":\"Cristelli S.r.l.\",\"url\":\"https:\/\/cristelli.it\/\",\"logo\":{\"@type\":\"ImageObject\",\"inLanguage\":\"de\",\"@id\":\"https:\/\/cristelli.it\/#\/schema\/logo\/image\/\",\"url\":\"https:\/\/cristelli.it\/wordpress\/wp-content\/uploads\/logo-cristelli-partial@x2.png\",\"contentUrl\":\"https:\/\/cristelli.it\/wordpress\/wp-content\/uploads\/logo-cristelli-partial@x2.png\",\"width\":480,\"height\":114,\"caption\":\"Cristelli S.r.l.\"},\"image\":{\"@id\":\"https:\/\/cristelli.it\/#\/schema\/logo\/image\/\"},\"sameAs\":[\"https:\/\/www.facebook.com\/cristelli.it\/\",\"https:\/\/www.instagram.com\/cristellisrl\/\",\"https:\/\/www.linkedin.com\/company\/cristelli\/\"]}]}<\/script>\n<!-- \/ Yoast SEO plugin. -->","yoast_head_json":{"title":"Verbrauchte Nutzfahrzeugen,Kr\u00e4ne,LKWs und Sattelanh\u00e4nger - Cristelli Srl","description":"Verkauf von Autokr\u00e4ne, Sattelanh\u00e4nger, Tieflader und weiteres Zubeh\u00f6r f\u00fcr Hebungen und Transporte. Hier finden Sie unsere verbrauchte Nutzfahrzeugen.","robots":{"index":"index","follow":"follow","max-snippet":"max-snippet:-1","max-image-preview":"max-image-preview:large","max-video-preview":"max-video-preview:-1"},"canonical":"https:\/\/cristelli.it\/de\/nutzfahrzeuge\/","og_locale":"de_DE","og_type":"article","og_title":"Verbrauchte Nutzfahrzeugen,Kr\u00e4ne,LKWs und Sattelanh\u00e4nger - Cristelli Srl","og_description":"Verkauf von Autokr\u00e4ne, Sattelanh\u00e4nger, Tieflader und weiteres Zubeh\u00f6r f\u00fcr Hebungen und Transporte. Hier finden Sie unsere verbrauchte Nutzfahrzeugen.","og_url":"https:\/\/cristelli.it\/de\/nutzfahrzeuge\/","og_site_name":"Cristelli - Sollevamenti e Trasporti","article_publisher":"https:\/\/www.facebook.com\/cristelli.it\/","article_modified_time":"2024-02-15T18:56:24+00:00","twitter_card":"summary_large_image","twitter_misc":{"Gesch\u00e4tzte Lesezeit":"1\u00a0Minute"},"schema":{"@context":"https:\/\/schema.org","@graph":[{"@type":"WebPage","@id":"https:\/\/cristelli.it\/de\/nutzfahrzeuge\/","url":"https:\/\/cristelli.it\/de\/nutzfahrzeuge\/","name":"Verbrauchte Nutzfahrzeugen,Kr\u00e4ne,LKWs und Sattelanh\u00e4nger - Cristelli Srl","isPartOf":{"@id":"https:\/\/cristelli.it\/#website"},"datePublished":"2020-03-23T18:33:52+00:00","dateModified":"2024-02-15T18:56:24+00:00","description":"Verkauf von Autokr\u00e4ne, Sattelanh\u00e4nger, Tieflader und weiteres Zubeh\u00f6r f\u00fcr Hebungen und Transporte. Hier finden Sie unsere verbrauchte Nutzfahrzeugen.","breadcrumb":{"@id":"https:\/\/cristelli.it\/de\/nutzfahrzeuge\/#breadcrumb"},"inLanguage":"de","potentialAction":[{"@type":"ReadAction","target":["https:\/\/cristelli.it\/de\/nutzfahrzeuge\/"]}]},{"@type":"BreadcrumbList","@id":"https:\/\/cristelli.it\/de\/nutzfahrzeuge\/#breadcrumb","itemListElement":[{"@type":"ListItem","position":1,"name":"Home","item":"https:\/\/cristelli.it\/de\/"},{"@type":"ListItem","position":2,"name":"Nutzfahrzeuge"}]},{"@type":"WebSite","@id":"https:\/\/cristelli.it\/#website","url":"https:\/\/cristelli.it\/","name":"Cristelli - Sollevamenti e Trasporti","description":"Il miglior partner per i tuoi sollevamenti e trasporti","publisher":{"@id":"https:\/\/cristelli.it\/#organization"},"potentialAction":[{"@type":"SearchAction","target":{"@type":"EntryPoint","urlTemplate":"https:\/\/cristelli.it\/?s={search_term_string}"},"query-input":{"@type":"PropertyValueSpecification","valueRequired":true,"valueName":"search_term_string"}}],"inLanguage":"de"},{"@type":"Organization","@id":"https:\/\/cristelli.it\/#organization","name":"Cristelli S.r.l.","url":"https:\/\/cristelli.it\/","logo":{"@type":"ImageObject","inLanguage":"de","@id":"https:\/\/cristelli.it\/#\/schema\/logo\/image\/","url":"https:\/\/cristelli.it\/wordpress\/wp-content\/uploads\/logo-cristelli-partial@x2.png","contentUrl":"https:\/\/cristelli.it\/wordpress\/wp-content\/uploads\/logo-cristelli-partial@x2.png","width":480,"height":114,"caption":"Cristelli S.r.l."},"image":{"@id":"https:\/\/cristelli.it\/#\/schema\/logo\/image\/"},"sameAs":["https:\/\/www.facebook.com\/cristelli.it\/","https:\/\/www.instagram.com\/cristellisrl\/","https:\/\/www.linkedin.com\/company\/cristelli\/"]}]}},"_links":{"self":[{"href":"https:\/\/cristelli.it\/de\/wp-json\/wp\/v2\/pages\/1201"}],"collection":[{"href":"https:\/\/cristelli.it\/de\/wp-json\/wp\/v2\/pages"}],"about":[{"href":"https:\/\/cristelli.it\/de\/wp-json\/wp\/v2\/types\/page"}],"author":[{"embeddable":true,"href":"https:\/\/cristelli.it\/de\/wp-json\/wp\/v2\/users\/2"}],"replies":[{"embeddable":true,"href":"https:\/\/cristelli.it\/de\/wp-json\/wp\/v2\/comments?post=1201"}],"version-history":[{"count":7,"href":"https:\/\/cristelli.it\/de\/wp-json\/wp\/v2\/pages\/1201\/revisions"}],"predecessor-version":[{"id":1965,"href":"https:\/\/cristelli.it\/de\/wp-json\/wp\/v2\/pages\/1201\/revisions\/1965"}],"wp:attachment":[{"href":"https:\/\/cristelli.it\/de\/wp-json\/wp\/v2\/media?parent=1201"}],"curies":[{"name":"wp","href":"https:\/\/api.w.org\/{rel}","templated":true}]}}